{"id":14,"date":"2023-04-15T10:08:16","date_gmt":"2023-04-15T13:08:16","guid":{"rendered":"https:\/\/compadrao.com\/?post_type=product&#038;p=14"},"modified":"2025-11-12T19:50:20","modified_gmt":"2025-11-12T22:50:20","slug":"planilha-de-controle-de-estoque-por-lotefabricacao-e-validade","status":"publish","type":"product","link":"https:\/\/compadrao.com\/index.php\/product\/planilha-de-controle-de-estoque-por-lotefabricacao-e-validade\/","title":{"rendered":"Planilha de controle de estoque por lote(Fabrica\u00e7\u00e3o e Validade)"},"content":{"rendered":"<p>Essa planilha amig\u00e1vel e f\u00e1cil de usar permite gerenciar e monitorar seu estoque de forma eficiente, organizando-o por lote, loja e local. Com ela, voc\u00ea poder\u00e1 acompanhar a quantidade de produtos dispon\u00edveis, identificar quais precisam de reposi\u00e7\u00e3o e acompanhar a validade dos produtos em estoque. Ideal para pequenas e m\u00e9dias empresas que buscam melhorar seu controle de estoque e simplificar a gest\u00e3o de recursos.<\/p>\n","protected":false},"excerpt":{"rendered":"<p>Essa planilha amig\u00e1vel e f\u00e1cil de usar permite gerenciar e monitorar seu estoque de forma eficiente, organizando-o por lote, loja e local. Com ela, voc\u00ea poder\u00e1 acompanhar a quantidade de produtos dispon\u00edveis, identificar quais precisam de reposi\u00e7\u00e3o e acompanhar a validade dos produtos em estoque. Ideal para pequenas e m\u00e9dias empresas que buscam melhorar seu &hellip;<\/p>\n<p class=\"read-more\"> <a class=\"\" href=\"https:\/\/compadrao.com\/index.php\/product\/planilha-de-controle-de-estoque-por-lotefabricacao-e-validade\/\"> <span class=\"screen-reader-text\">Planilha de controle de estoque por lote(Fabrica\u00e7\u00e3o e Validade)<\/span> Read More &raquo;<\/a><\/p>\n","protected":false},"featured_media":0,"comment_status":"open","ping_status":"closed","template":"","meta":{"site-sidebar-layout":"default","site-content-layout":"default","ast-global-header-display":"","ast-main-header-display":"","ast-hfb-above-header-display":"","ast-hfb-below-header-display":"","ast-hfb-mobile-header-display":"","site-post-title":"","ast-breadcrumbs-content":"","ast-featured-img":"","footer-sml-layout":"","theme-transparent-header-meta":"default","adv-header-id-meta":"","stick-header-meta":"","header-above-stick-meta":"","header-main-stick-meta":"","header-below-stick-meta":""},"product_cat":[15],"product_tag":[],"_links":{"self":[{"href":"https:\/\/compadrao.com\/index.php\/wp-json\/wp\/v2\/product\/14"}],"collection":[{"href":"https:\/\/compadrao.com\/index.php\/wp-json\/wp\/v2\/product"}],"about":[{"href":"https:\/\/compadrao.com\/index.php\/wp-json\/wp\/v2\/types\/product"}],"replies":[{"embeddable":true,"href":"https:\/\/compadrao.com\/index.php\/wp-json\/wp\/v2\/comments?post=14"}],"wp:attachment":[{"href":"https:\/\/compadrao.com\/index.php\/wp-json\/wp\/v2\/media?parent=14"}],"wp:term":[{"taxonomy":"product_cat","embeddable":true,"href":"https:\/\/compadrao.com\/index.php\/wp-json\/wp\/v2\/product_cat?post=14"},{"taxonomy":"product_tag","embeddable":true,"href":"https:\/\/compadrao.com\/index.php\/wp-json\/wp\/v2\/product_tag?post=14"}],"curies":[{"name":"wp","href":"https:\/\/api.w.org\/{rel}","templated":true}]}}